{"id":497,"date":"2019-07-30T21:17:57","date_gmt":"2019-07-30T21:17:57","guid":{"rendered":"https:\/\/accretechsbs.com\/?page_id=497"},"modified":"2019-08-01T18:59:11","modified_gmt":"2019-08-01T18:59:11","slug":"wuchtkoepfe","status":"publish","type":"page","link":"https:\/\/accretechsbs.com\/de\/wuchtkoepfe\/","title":{"rendered":"Wuchtk\u00f6pfe"},"content":{"rendered":"\t\t<div data-elementor-type=\"wp-post\" data-elementor-id=\"497\" class=\"elementor elementor-497 elementor-20\">\n\t\t\t\t\t\t<section class=\"elementor-section elementor-top-section elementor-element elementor-element-063c297 elementor-section-full_width elementor-section-height-default elementor-section-height-default\" data-id=\"063c297\" data-element_type=\"section\" data-e-type=\"section\">\n\t\t\t\t\t\t<div class=\"elementor-container elementor-column-gap-default\">\n\t\t\t\t\t<div class=\"elementor-column elementor-col-100 elementor-top-column elementor-element elementor-element-d3da10b\" data-id=\"d3da10b\" data-element_type=\"column\" data-e-type=\"column\">\n\t\t\t<div class=\"elementor-widget-wrap elementor-element-populated\">\n\t\t\t\t\t\t<div class=\"elementor-element elementor-element-8b7018b elementor-widget elementor-widget-spacer\" data-id=\"8b7018b\" data-element_type=\"widget\" data-e-type=\"widget\" data-widget_type=\"spacer.default\">\n\t\t\t\t<div class=\"elementor-widget-container\">\n\t\t\t\t\t\t\t<div class=\"elementor-spacer\">\n\t\t\t<div class=\"elementor-spacer-inner\"><\/div>\n\t\t<\/div>\n\t\t\t\t\t\t<\/div>\n\t\t\t\t<\/div>\n\t\t\t\t\t<\/div>\n\t\t<\/div>\n\t\t\t\t\t<\/div>\n\t\t<\/section>\n\t\t\t\t<section class=\"elementor-section elementor-top-section elementor-element elementor-element-40aef7f elementor-section-stretched elementor-section-full_width elementor-section-height-default elementor-section-height-default\" data-id=\"40aef7f\" data-element_type=\"section\" data-e-type=\"section\" data-settings=\"{&quot;stretch_section&quot;:&quot;section-stretched&quot;}\">\n\t\t\t\t\t\t<div class=\"elementor-container elementor-column-gap-no\">\n\t\t\t\t\t<div class=\"elementor-column elementor-col-33 elementor-top-column elementor-element elementor-element-f68c970\" data-id=\"f68c970\" data-element_type=\"column\" data-e-type=\"column\">\n\t\t\t<div class=\"elementor-widget-wrap elementor-element-populated\">\n\t\t\t\t\t\t<div class=\"elementor-element elementor-element-e02636a elementor-widget elementor-widget-e_image_hover_effects\" data-id=\"e02636a\" data-element_type=\"widget\" data-e-type=\"widget\" data-widget_type=\"e_image_hover_effects.default\">\n\t\t\t\t<div class=\"elementor-widget-container\">\n\t\t\t\t\t\t\t\t<a href=\"\/de\/product\/externe-wuchtgeraete\/\">\n\t\t\t\t\t<div class=\"eihe-box eihe-fade eihe_center\">\n\t\t\t\t<img fetchpriority=\"high\" decoding=\"async\" width=\"495\" height=\"400\" src=\"https:\/\/accretechsbs.com\/wp-content\/uploads\/2019\/07\/schmitt-balancing-system-product-external-balancer-adapter-495x400.jpg\" class=\"attachment-full size-full wp-image-202\" alt=\"\" srcset=\"https:\/\/accretechsbs.com\/wp-content\/uploads\/2019\/07\/schmitt-balancing-system-product-external-balancer-adapter-495x400.jpg 495w, https:\/\/accretechsbs.com\/wp-content\/uploads\/2019\/07\/schmitt-balancing-system-product-external-balancer-adapter-495x400-300x242.jpg 300w\" sizes=\"(max-width: 495px) 100vw, 495px\" \/>\t\t\t\t<div class=\"eihe-caption\">\n\t\t\t\t\t<div class=\"eihe-title-cover\">\n\t\t\t\t\t\t\t\t\t\t\t\t<h3 class=\"eihe-title\"><\/h3>\n\t\t\t\t\t\t\t\t\t\t\t<\/div>\n\t\t\t\t\t<p><\/p>\n\t\t\t\t<\/div>\n\t\t\t<\/div>\n\t\t\t\t\t<\/a>\n\t\t\t\t\t\t<\/div>\n\t\t\t\t<\/div>\n\t\t\t\t<div class=\"elementor-element elementor-element-33bdd24 elementor-widget elementor-widget-heading\" data-id=\"33bdd24\" data-element_type=\"widget\" data-e-type=\"widget\" data-widget_type=\"heading.default\">\n\t\t\t\t<div class=\"elementor-widget-container\">\n\t\t\t\t\t<h2 class=\"elementor-heading-title elementor-size-default\"><a href=\"\/de\/product\/externe-wuchtgeraete\/\">Externe Wuchtger\u00e4te<\/a><\/h2>\t\t\t\t<\/div>\n\t\t\t\t<\/div>\n\t\t\t\t\t<\/div>\n\t\t<\/div>\n\t\t\t\t<div class=\"elementor-column elementor-col-33 elementor-top-column elementor-element elementor-element-7fe44b5\" data-id=\"7fe44b5\" data-element_type=\"column\" data-e-type=\"column\">\n\t\t\t<div class=\"elementor-widget-wrap elementor-element-populated\">\n\t\t\t\t\t\t<div class=\"elementor-element elementor-element-2f3680c elementor-widget elementor-widget-e_image_hover_effects\" data-id=\"2f3680c\" data-element_type=\"widget\" data-e-type=\"widget\" data-widget_type=\"e_image_hover_effects.default\">\n\t\t\t\t<div class=\"elementor-widget-container\">\n\t\t\t\t\t\t\t\t<a href=\"https:\/\/accretechsbs.com\/de\/product\/interne-wuchtkoepfe\/\">\n\t\t\t\t\t<div class=\"eihe-box eihe-fade eihe_center\">\n\t\t\t\t<img decoding=\"async\" width=\"495\" height=\"400\" src=\"https:\/\/accretechsbs.com\/wp-content\/uploads\/2019\/07\/schmitt-balancing-system-product-internal-balancer-495x400.jpg\" class=\"attachment-full size-full wp-image-204\" alt=\"\" srcset=\"https:\/\/accretechsbs.com\/wp-content\/uploads\/2019\/07\/schmitt-balancing-system-product-internal-balancer-495x400.jpg 495w, https:\/\/accretechsbs.com\/wp-content\/uploads\/2019\/07\/schmitt-balancing-system-product-internal-balancer-495x400-300x242.jpg 300w\" sizes=\"(max-width: 495px) 100vw, 495px\" \/>\t\t\t\t<div class=\"eihe-caption\">\n\t\t\t\t\t<div class=\"eihe-title-cover\">\n\t\t\t\t\t\t\t\t\t\t\t\t<h3 class=\"eihe-title\"><\/h3>\n\t\t\t\t\t\t\t\t\t\t\t<\/div>\n\t\t\t\t\t<p><\/p>\n\t\t\t\t<\/div>\n\t\t\t<\/div>\n\t\t\t\t\t<\/a>\n\t\t\t\t\t\t<\/div>\n\t\t\t\t<\/div>\n\t\t\t\t<div class=\"elementor-element elementor-element-fd28f55 elementor-widget elementor-widget-heading\" data-id=\"fd28f55\" data-element_type=\"widget\" data-e-type=\"widget\" data-widget_type=\"heading.default\">\n\t\t\t\t<div class=\"elementor-widget-container\">\n\t\t\t\t\t<h2 class=\"elementor-heading-title elementor-size-default\"><a href=\"https:\/\/accretechsbs.com\/de\/product\/interne-wuchtkoepfe\/\">Interne Wuchtk\u00f6pfe<\/a><\/h2>\t\t\t\t<\/div>\n\t\t\t\t<\/div>\n\t\t\t\t\t<\/div>\n\t\t<\/div>\n\t\t\t\t<div class=\"elementor-column elementor-col-33 elementor-top-column elementor-element elementor-element-dcf1401\" data-id=\"dcf1401\" data-element_type=\"column\" data-e-type=\"column\">\n\t\t\t<div class=\"elementor-widget-wrap elementor-element-populated\">\n\t\t\t\t\t\t<div class=\"elementor-element elementor-element-5d8ba0f elementor-widget elementor-widget-e_image_hover_effects\" data-id=\"5d8ba0f\" data-element_type=\"widget\" data-e-type=\"widget\" data-widget_type=\"e_image_hover_effects.default\">\n\t\t\t\t<div class=\"elementor-widget-container\">\n\t\t\t\t\t\t\t\t<a href=\"\/de\/product\/hydrokompenser\/\">\n\t\t\t\t\t<div class=\"eihe-box eihe-fade eihe_center\">\n\t\t\t\t<img decoding=\"async\" width=\"495\" height=\"400\" src=\"https:\/\/accretechsbs.com\/wp-content\/uploads\/2019\/07\/schmitt-balancing-system-product-hydrokompenser-495x400.jpg\" class=\"attachment-full size-full wp-image-203\" alt=\"\" srcset=\"https:\/\/accretechsbs.com\/wp-content\/uploads\/2019\/07\/schmitt-balancing-system-product-hydrokompenser-495x400.jpg 495w, https:\/\/accretechsbs.com\/wp-content\/uploads\/2019\/07\/schmitt-balancing-system-product-hydrokompenser-495x400-300x242.jpg 300w\" sizes=\"(max-width: 495px) 100vw, 495px\" \/>\t\t\t\t<div class=\"eihe-caption\">\n\t\t\t\t\t<div class=\"eihe-title-cover\">\n\t\t\t\t\t\t\t\t\t\t\t\t<h3 class=\"eihe-title\"><\/h3>\n\t\t\t\t\t\t\t\t\t\t\t<\/div>\n\t\t\t\t\t<p><\/p>\n\t\t\t\t<\/div>\n\t\t\t<\/div>\n\t\t\t\t\t<\/a>\n\t\t\t\t\t\t<\/div>\n\t\t\t\t<\/div>\n\t\t\t\t<div class=\"elementor-element elementor-element-aab31e5 elementor-widget elementor-widget-heading\" data-id=\"aab31e5\" data-element_type=\"widget\" data-e-type=\"widget\" data-widget_type=\"heading.default\">\n\t\t\t\t<div class=\"elementor-widget-container\">\n\t\t\t\t\t<h2 class=\"elementor-heading-title elementor-size-default\"><a href=\"\/de\/product\/hydrokompenser\/\">Hydrokompenser<\/a><\/h2>\t\t\t\t<\/div>\n\t\t\t\t<\/div>\n\t\t\t\t\t<\/div>\n\t\t<\/div>\n\t\t\t\t\t<\/div>\n\t\t<\/section>\n\t\t\t\t<\/div>\n\t\t","protected":false},"excerpt":{"rendered":"<p>Externe Wuchtger\u00e4te Interne Wuchtk\u00f6pfe Hydrokompenser<\/p>\n","protected":false},"author":4,"featured_media":0,"parent":0,"menu_order":0,"comment_status":"closed","ping_status":"closed","template":"elementor_header_footer","meta":{"zakra_page_container_layout":"customizer","zakra_page_sidebar_layout":"customizer","zakra_remove_content_margin":false,"zakra_sidebar":"customizer","zakra_transparent_header":"0","zakra_logo":0,"zakra_main_header_style":"default","zakra_menu_item_color":"","zakra_menu_item_hover_color":"","zakra_menu_item_active_color":"","zakra_menu_active_style":"","zakra_page_header":true,"footnotes":""},"class_list":["post-497","page","type-page","status-publish","hentry"],"yoast_head":"<!-- This site is optimized with the Yoast SEO plugin v27.4 - https:\/\/yoast.com\/product\/yoast-seo-wordpress\/ -->\n<title>Wuchtk\u00f6pfe - Accretech SBS<\/title>\n<meta name=\"robots\" content=\"index, follow, max-snippet:-1, max-image-preview:large, max-video-preview:-1\" \/>\n<link rel=\"canonical\" href=\"https:\/\/accretechsbs.com\/de\/wuchtkoepfe\/\" \/>\n<meta property=\"og:locale\" content=\"de_DE\" \/>\n<meta property=\"og:type\" content=\"article\" \/>\n<meta property=\"og:title\" content=\"Wuchtk\u00f6pfe - Accretech SBS\" \/>\n<meta property=\"og:description\" content=\"Externe Wuchtger\u00e4te Interne Wuchtk\u00f6pfe Hydrokompenser\" \/>\n<meta property=\"og:url\" content=\"https:\/\/accretechsbs.com\/de\/wuchtkoepfe\/\" \/>\n<meta property=\"og:site_name\" content=\"Accretech SBS\" \/>\n<meta property=\"article:modified_time\" content=\"2019-08-01T18:59:11+00:00\" \/>\n<meta property=\"og:image\" content=\"https:\/\/accretechsbs.com\/wp-content\/uploads\/2019\/07\/schmitt-balancing-system-product-external-balancer-adapter-495x400.jpg\" \/>\n<meta name=\"twitter:card\" content=\"summary_large_image\" \/>\n<script type=\"application\/ld+json\" class=\"yoast-schema-graph\">{\"@context\":\"https:\\\/\\\/schema.org\",\"@graph\":[{\"@type\":\"WebPage\",\"@id\":\"https:\\\/\\\/accretechsbs.com\\\/de\\\/wuchtkoepfe\\\/\",\"url\":\"https:\\\/\\\/accretechsbs.com\\\/de\\\/wuchtkoepfe\\\/\",\"name\":\"Wuchtk\u00f6pfe - Accretech SBS\",\"isPartOf\":{\"@id\":\"https:\\\/\\\/accretechsbs.com\\\/#website\"},\"primaryImageOfPage\":{\"@id\":\"https:\\\/\\\/accretechsbs.com\\\/de\\\/wuchtkoepfe\\\/#primaryimage\"},\"image\":{\"@id\":\"https:\\\/\\\/accretechsbs.com\\\/de\\\/wuchtkoepfe\\\/#primaryimage\"},\"thumbnailUrl\":\"https:\\\/\\\/accretechsbs.com\\\/wp-content\\\/uploads\\\/2019\\\/07\\\/schmitt-balancing-system-product-external-balancer-adapter-495x400.jpg\",\"datePublished\":\"2019-07-30T21:17:57+00:00\",\"dateModified\":\"2019-08-01T18:59:11+00:00\",\"breadcrumb\":{\"@id\":\"https:\\\/\\\/accretechsbs.com\\\/de\\\/wuchtkoepfe\\\/#breadcrumb\"},\"inLanguage\":\"de\",\"potentialAction\":[{\"@type\":\"ReadAction\",\"target\":[\"https:\\\/\\\/accretechsbs.com\\\/de\\\/wuchtkoepfe\\\/\"]}]},{\"@type\":\"ImageObject\",\"inLanguage\":\"de\",\"@id\":\"https:\\\/\\\/accretechsbs.com\\\/de\\\/wuchtkoepfe\\\/#primaryimage\",\"url\":\"https:\\\/\\\/accretechsbs.com\\\/wp-content\\\/uploads\\\/2019\\\/07\\\/schmitt-balancing-system-product-external-balancer-adapter-495x400.jpg\",\"contentUrl\":\"https:\\\/\\\/accretechsbs.com\\\/wp-content\\\/uploads\\\/2019\\\/07\\\/schmitt-balancing-system-product-external-balancer-adapter-495x400.jpg\"},{\"@type\":\"BreadcrumbList\",\"@id\":\"https:\\\/\\\/accretechsbs.com\\\/de\\\/wuchtkoepfe\\\/#breadcrumb\",\"itemListElement\":[{\"@type\":\"ListItem\",\"position\":1,\"name\":\"Home\",\"item\":\"https:\\\/\\\/accretechsbs.com\\\/\"},{\"@type\":\"ListItem\",\"position\":2,\"name\":\"Wuchtk\u00f6pfe\"}]},{\"@type\":\"WebSite\",\"@id\":\"https:\\\/\\\/accretechsbs.com\\\/#website\",\"url\":\"https:\\\/\\\/accretechsbs.com\\\/\",\"name\":\"Accretech SBS\",\"description\":\"Balancing Systems for Industrial Grinders\",\"publisher\":{\"@id\":\"https:\\\/\\\/accretechsbs.com\\\/#organization\"},\"potentialAction\":[{\"@type\":\"SearchAction\",\"target\":{\"@type\":\"EntryPoint\",\"urlTemplate\":\"https:\\\/\\\/accretechsbs.com\\\/?s={search_term_string}\"},\"query-input\":{\"@type\":\"PropertyValueSpecification\",\"valueRequired\":true,\"valueName\":\"search_term_string\"}}],\"inLanguage\":\"de\"},{\"@type\":\"Organization\",\"@id\":\"https:\\\/\\\/accretechsbs.com\\\/#organization\",\"name\":\"Accretech SBS, Inc.\",\"url\":\"https:\\\/\\\/accretechsbs.com\\\/\",\"logo\":{\"@type\":\"ImageObject\",\"inLanguage\":\"de\",\"@id\":\"https:\\\/\\\/accretechsbs.com\\\/#\\\/schema\\\/logo\\\/image\\\/\",\"url\":\"https:\\\/\\\/accretechsbs.com\\\/wp-content\\\/uploads\\\/Accretech-SBS-vertical.jpg\",\"contentUrl\":\"https:\\\/\\\/accretechsbs.com\\\/wp-content\\\/uploads\\\/Accretech-SBS-vertical.jpg\",\"width\":1964,\"height\":1288,\"caption\":\"Accretech SBS, Inc.\"},\"image\":{\"@id\":\"https:\\\/\\\/accretechsbs.com\\\/#\\\/schema\\\/logo\\\/image\\\/\"}}]}<\/script>\n<!-- \/ Yoast SEO plugin. -->","yoast_head_json":{"title":"Wuchtk\u00f6pfe - Accretech SBS","robots":{"index":"index","follow":"follow","max-snippet":"max-snippet:-1","max-image-preview":"max-image-preview:large","max-video-preview":"max-video-preview:-1"},"canonical":"https:\/\/accretechsbs.com\/de\/wuchtkoepfe\/","og_locale":"de_DE","og_type":"article","og_title":"Wuchtk\u00f6pfe - Accretech SBS","og_description":"Externe Wuchtger\u00e4te Interne Wuchtk\u00f6pfe Hydrokompenser","og_url":"https:\/\/accretechsbs.com\/de\/wuchtkoepfe\/","og_site_name":"Accretech SBS","article_modified_time":"2019-08-01T18:59:11+00:00","og_image":[{"url":"https:\/\/accretechsbs.com\/wp-content\/uploads\/2019\/07\/schmitt-balancing-system-product-external-balancer-adapter-495x400.jpg","type":"","width":"","height":""}],"twitter_card":"summary_large_image","schema":{"@context":"https:\/\/schema.org","@graph":[{"@type":"WebPage","@id":"https:\/\/accretechsbs.com\/de\/wuchtkoepfe\/","url":"https:\/\/accretechsbs.com\/de\/wuchtkoepfe\/","name":"Wuchtk\u00f6pfe - Accretech SBS","isPartOf":{"@id":"https:\/\/accretechsbs.com\/#website"},"primaryImageOfPage":{"@id":"https:\/\/accretechsbs.com\/de\/wuchtkoepfe\/#primaryimage"},"image":{"@id":"https:\/\/accretechsbs.com\/de\/wuchtkoepfe\/#primaryimage"},"thumbnailUrl":"https:\/\/accretechsbs.com\/wp-content\/uploads\/2019\/07\/schmitt-balancing-system-product-external-balancer-adapter-495x400.jpg","datePublished":"2019-07-30T21:17:57+00:00","dateModified":"2019-08-01T18:59:11+00:00","breadcrumb":{"@id":"https:\/\/accretechsbs.com\/de\/wuchtkoepfe\/#breadcrumb"},"inLanguage":"de","potentialAction":[{"@type":"ReadAction","target":["https:\/\/accretechsbs.com\/de\/wuchtkoepfe\/"]}]},{"@type":"ImageObject","inLanguage":"de","@id":"https:\/\/accretechsbs.com\/de\/wuchtkoepfe\/#primaryimage","url":"https:\/\/accretechsbs.com\/wp-content\/uploads\/2019\/07\/schmitt-balancing-system-product-external-balancer-adapter-495x400.jpg","contentUrl":"https:\/\/accretechsbs.com\/wp-content\/uploads\/2019\/07\/schmitt-balancing-system-product-external-balancer-adapter-495x400.jpg"},{"@type":"BreadcrumbList","@id":"https:\/\/accretechsbs.com\/de\/wuchtkoepfe\/#breadcrumb","itemListElement":[{"@type":"ListItem","position":1,"name":"Home","item":"https:\/\/accretechsbs.com\/"},{"@type":"ListItem","position":2,"name":"Wuchtk\u00f6pfe"}]},{"@type":"WebSite","@id":"https:\/\/accretechsbs.com\/#website","url":"https:\/\/accretechsbs.com\/","name":"Accretech SBS","description":"Balancing Systems for Industrial Grinders","publisher":{"@id":"https:\/\/accretechsbs.com\/#organization"},"potentialAction":[{"@type":"SearchAction","target":{"@type":"EntryPoint","urlTemplate":"https:\/\/accretechsbs.com\/?s={search_term_string}"},"query-input":{"@type":"PropertyValueSpecification","valueRequired":true,"valueName":"search_term_string"}}],"inLanguage":"de"},{"@type":"Organization","@id":"https:\/\/accretechsbs.com\/#organization","name":"Accretech SBS, Inc.","url":"https:\/\/accretechsbs.com\/","logo":{"@type":"ImageObject","inLanguage":"de","@id":"https:\/\/accretechsbs.com\/#\/schema\/logo\/image\/","url":"https:\/\/accretechsbs.com\/wp-content\/uploads\/Accretech-SBS-vertical.jpg","contentUrl":"https:\/\/accretechsbs.com\/wp-content\/uploads\/Accretech-SBS-vertical.jpg","width":1964,"height":1288,"caption":"Accretech SBS, Inc."},"image":{"@id":"https:\/\/accretechsbs.com\/#\/schema\/logo\/image\/"}}]}},"_links":{"self":[{"href":"https:\/\/accretechsbs.com\/de\/wp-json\/wp\/v2\/pages\/497","targetHints":{"allow":["GET"]}}],"collection":[{"href":"https:\/\/accretechsbs.com\/de\/wp-json\/wp\/v2\/pages"}],"about":[{"href":"https:\/\/accretechsbs.com\/de\/wp-json\/wp\/v2\/types\/page"}],"author":[{"embeddable":true,"href":"https:\/\/accretechsbs.com\/de\/wp-json\/wp\/v2\/users\/4"}],"replies":[{"embeddable":true,"href":"https:\/\/accretechsbs.com\/de\/wp-json\/wp\/v2\/comments?post=497"}],"version-history":[{"count":5,"href":"https:\/\/accretechsbs.com\/de\/wp-json\/wp\/v2\/pages\/497\/revisions"}],"predecessor-version":[{"id":1045,"href":"https:\/\/accretechsbs.com\/de\/wp-json\/wp\/v2\/pages\/497\/revisions\/1045"}],"wp:attachment":[{"href":"https:\/\/accretechsbs.com\/de\/wp-json\/wp\/v2\/media?parent=497"}],"curies":[{"name":"wp","href":"https:\/\/api.w.org\/{rel}","templated":true}]}}