{"id":444,"date":"2019-07-25T16:45:16","date_gmt":"2019-07-25T16:45:16","guid":{"rendered":"https:\/\/accretechsbs.com\/mission-and-vision\/"},"modified":"2019-08-01T20:19:08","modified_gmt":"2019-08-01T20:19:08","slug":"mission-und-vision","status":"publish","type":"page","link":"https:\/\/accretechsbs.com\/de\/mission-und-vision\/","title":{"rendered":"Mission und Vision"},"content":{"rendered":"\t\t<div data-elementor-type=\"wp-post\" data-elementor-id=\"444\" class=\"elementor elementor-444 elementor-11\">\n\t\t\t\t\t\t<section class=\"elementor-section elementor-top-section elementor-element elementor-element-a04aec4 elementor-section-stretched elementor-section-full_width elementor-section-height-default elementor-section-height-default\" data-id=\"a04aec4\" data-element_type=\"section\" data-e-type=\"section\" data-settings=\"{&quot;stretch_section&quot;:&quot;section-stretched&quot;}\">\n\t\t\t\t\t\t<div class=\"elementor-container elementor-column-gap-no\">\n\t\t\t\t\t<div class=\"elementor-column elementor-col-100 elementor-top-column elementor-element elementor-element-39fa9bd\" data-id=\"39fa9bd\" data-element_type=\"column\" data-e-type=\"column\">\n\t\t\t<div class=\"elementor-widget-wrap elementor-element-populated\">\n\t\t\t\t\t\t<div class=\"elementor-element elementor-element-f72856d elementor-widget elementor-widget-image\" data-id=\"f72856d\" data-element_type=\"widget\" data-e-type=\"widget\" data-widget_type=\"image.default\">\n\t\t\t\t<div class=\"elementor-widget-container\">\n\t\t\t\t\t\t\t\t\t\t\t\t\t\t\t<img fetchpriority=\"high\" decoding=\"async\" width=\"1920\" height=\"480\" src=\"https:\/\/accretechsbs.com\/wp-content\/uploads\/2019\/07\/schmitt-balancing-system-mission-and-vision.jpg\" class=\"attachment-full size-full wp-image-445\" alt=\"\" srcset=\"https:\/\/accretechsbs.com\/wp-content\/uploads\/2019\/07\/schmitt-balancing-system-mission-and-vision.jpg 1920w, https:\/\/accretechsbs.com\/wp-content\/uploads\/2019\/07\/schmitt-balancing-system-mission-and-vision-300x75.jpg 300w, https:\/\/accretechsbs.com\/wp-content\/uploads\/2019\/07\/schmitt-balancing-system-mission-and-vision-768x192.jpg 768w, https:\/\/accretechsbs.com\/wp-content\/uploads\/2019\/07\/schmitt-balancing-system-mission-and-vision-1024x256.jpg 1024w\" sizes=\"(max-width: 1920px) 100vw, 1920px\" \/>\t\t\t\t\t\t\t\t\t\t\t\t\t\t\t<\/div>\n\t\t\t\t<\/div>\n\t\t\t\t\t<\/div>\n\t\t<\/div>\n\t\t\t\t\t<\/div>\n\t\t<\/section>\n\t\t\t\t<section class=\"elementor-section elementor-top-section elementor-element elementor-element-ba91909 elementor-section-boxed elementor-section-height-default elementor-section-height-default\" data-id=\"ba91909\" data-element_type=\"section\" data-e-type=\"section\" data-settings=\"{&quot;background_background&quot;:&quot;classic&quot;}\">\n\t\t\t\t\t\t<div class=\"elementor-container elementor-column-gap-default\">\n\t\t\t\t\t<div class=\"elementor-column elementor-col-100 elementor-top-column elementor-element elementor-element-495245e\" data-id=\"495245e\" data-element_type=\"column\" data-e-type=\"column\">\n\t\t\t<div class=\"elementor-widget-wrap elementor-element-populated\">\n\t\t\t\t\t\t<div class=\"elementor-element elementor-element-e757722 elementor-widget elementor-widget-heading\" data-id=\"e757722\" data-element_type=\"widget\" data-e-type=\"widget\" data-widget_type=\"heading.default\">\n\t\t\t\t<div class=\"elementor-widget-container\">\n\t\t\t\t\t<h1 class=\"elementor-heading-title elementor-size-xl\">Mission und Vision<\/h1>\t\t\t\t<\/div>\n\t\t\t\t<\/div>\n\t\t\t\t<div class=\"elementor-element elementor-element-dfb5aee elementor-widget elementor-widget-text-editor\" data-id=\"dfb5aee\" data-element_type=\"widget\" data-e-type=\"widget\" data-widget_type=\"text-editor.default\">\n\t\t\t\t<div class=\"elementor-widget-container\">\n\t\t\t\t\t\t\t\t\t<h2>\u00dcberblick<\/h2><p>Unwucht bei rotierenden Ger\u00e4ten verursacht Schwingungen, Genauigkeitseinbu\u00dfen, \u00fcberm\u00e4\u00dfigen mechanischen Verschlei\u00df und erh\u00f6hte Betriebskosten. Zur \u00dcberwindung dieser Probleme bietet Schmitt Balancing Systems (SBS) hochentwickelte dynamische Auswuchtl\u00f6sungen \u2013 und erm\u00f6glicht damit den Kunden die Optimierung ihrer Schleifprozesse und ihrer Ger\u00e4te, um maximale Pr\u00e4zision und Produktivit\u00e4t, Kosteneffizienz und Sicherheit zu erzielen.<\/p><h2>Unsere Technologie<\/h2><p>Die SBS-Systeme bestehen aus einer Computersteuereinheit, einem Schwingungssensor, einem Adapter zur Anbringung an der Spindel und einem Wuchtkopf (entweder in <a href=\"\/de\/product\/interne-wuchtkoepfe\/\">interner <\/a> oder <a href=\"\/product\/2-internal-balancers\/\">externer <\/a> Konfiguration). Mit der Schleifmaschine verbundene Sensoren messen die Unwucht und \u00fcbermitteln dieses Signal an die Steuereinheit. Dieses Steuerger\u00e4t positioniert Gegengewichte innerhalb des Wuchtkopfs, um schnell und dynamisch die Schwingungen der Maschine zu eliminieren. Das SBS-System \u00fcberwacht kontinuierlich das Schleifsystemverhalten und gleicht Ver\u00e4nderungen aus.<\/p><p>Das SBS AEMS (Acoustical Emission Monitoring System) erm\u00f6glicht den Kunden, ihren Schleifprozess mit au\u00dfergew\u00f6hnlicher Genauigkeit zu \u00fcberwachen. Das AEMS-Produkt verwendet die &#8211; auch als GAP-und-Crash-Kontrolle oder GAP\/Crash bekannte &#8211; propriet\u00e4re akustische Technologie, um die stark hochfrequenten Signale zu \u00fcberwachen, die an der Schleifmaschine w\u00e4hrend Schl\u00fcsselereignissen im Schleifprozess entstehen.<\/p><p>The SBS AEMS (Acoustical Emission Monitoring System) allows our customers to monitor their grinding process with exceptional precision. \u00a0Also known as gap and crash control or gap\/crash, the AEMS product uses proprietary acoustic technology to monitor the very high frequency signals generated on the grinding machine structure during key events in the grinding process.<\/p><h2>Unsere M\u00e4rkte<\/h2><p>Schmitt-Auswuchtsysteme werden an Werkzeugmaschinenhersteller (Erstausr\u00fcster), Werkzeugmaschineninstandsetzer und Schleifmaschinenverwender auf der ganzen Welt verkauft. Schmitts SBS-Pr\u00e4zisionsauswuchtsysteme werden von vielen der weltweit f\u00fchrenden Automobil-, Luft- und Raumfahrt-, Stahl-, Lager- und Drehteilhersteller sowie in anderen Branchen, in denen die Fertigungstoleranzen besonders pr\u00e4zise sind, verwendet.<\/p><h2>Unsere Vorteile<\/h2><p>SBS-Produkte helfen den Betreibern, die Teilequalit\u00e4t zu steigern und Geld zu sparen. Sie sind auch f\u00fcr ihre hohe Qualit\u00e4t und zuverl\u00e4ssige Leistung in \u00e4u\u00dferst anspruchsvollen Umgebungen bekannt. SBS bietet dank seiner B\u00fcros auf drei Kontinenten einen Weltklasse-Service.<\/p>\t\t\t\t\t\t\t\t<\/div>\n\t\t\t\t<\/div>\n\t\t\t\t<div class=\"elementor-element elementor-element-579c86d elementor-widget elementor-widget-spacer\" data-id=\"579c86d\" data-element_type=\"widget\" data-e-type=\"widget\" data-widget_type=\"spacer.default\">\n\t\t\t\t<div class=\"elementor-widget-container\">\n\t\t\t\t\t\t\t<div class=\"elementor-spacer\">\n\t\t\t<div class=\"elementor-spacer-inner\"><\/div>\n\t\t<\/div>\n\t\t\t\t\t\t<\/div>\n\t\t\t\t<\/div>\n\t\t\t\t\t<\/div>\n\t\t<\/div>\n\t\t\t\t\t<\/div>\n\t\t<\/section>\n\t\t\t\t<section class=\"elementor-section elementor-top-section elementor-element elementor-element-e8579ff elementor-section-boxed elementor-section-height-default elementor-section-height-default\" data-id=\"e8579ff\" data-element_type=\"section\" data-e-type=\"section\">\n\t\t\t\t\t\t<div class=\"elementor-container elementor-column-gap-no\">\n\t\t\t\t\t<div class=\"elementor-column elementor-col-100 elementor-top-column elementor-element elementor-element-185c516\" data-id=\"185c516\" data-element_type=\"column\" data-e-type=\"column\">\n\t\t\t<div class=\"elementor-widget-wrap elementor-element-populated\">\n\t\t\t\t\t\t<div class=\"elementor-element elementor-element-1eb6d3d elementor-align-center elementor-widget elementor-widget-button\" data-id=\"1eb6d3d\" data-element_type=\"widget\" data-e-type=\"widget\" data-widget_type=\"button.default\">\n\t\t\t\t<div class=\"elementor-widget-container\">\n\t\t\t\t\t\t\t\t\t<div class=\"elementor-button-wrapper\">\n\t\t\t\t\t<a class=\"elementor-button elementor-button-link elementor-size-lg\" href=\"https:\/\/accretechsbs.com\/wp-content\/uploads\/SBS-Product-Catalog-2018.pdf\">\n\t\t\t\t\t\t<span class=\"elementor-button-content-wrapper\">\n\t\t\t\t\t\t<span class=\"elementor-button-icon\">\n\t\t\t\t<i aria-hidden=\"true\" class=\"fas fa-location-arrow\"><\/i>\t\t\t<\/span>\n\t\t\t\t\t\t\t\t\t<span class=\"elementor-button-text\">Verkauf &amp; Service<\/span>\n\t\t\t\t\t<\/span>\n\t\t\t\t\t<\/a>\n\t\t\t\t<\/div>\n\t\t\t\t\t\t\t\t<\/div>\n\t\t\t\t<\/div>\n\t\t\t\t\t<\/div>\n\t\t<\/div>\n\t\t\t\t\t<\/div>\n\t\t<\/section>\n\t\t\t\t<section class=\"elementor-section elementor-top-section elementor-element elementor-element-da5b2cf elementor-section-boxed elementor-section-height-default elementor-section-height-default\" data-id=\"da5b2cf\" data-element_type=\"section\" data-e-type=\"section\">\n\t\t\t\t\t\t<div class=\"elementor-container elementor-column-gap-default\">\n\t\t\t\t\t<div class=\"elementor-column elementor-col-100 elementor-top-column elementor-element elementor-element-84ed36b\" data-id=\"84ed36b\" data-element_type=\"column\" data-e-type=\"column\">\n\t\t\t<div class=\"elementor-widget-wrap elementor-element-populated\">\n\t\t\t\t\t\t<div class=\"elementor-element elementor-element-3fcd14c elementor-widget elementor-widget-spacer\" data-id=\"3fcd14c\" data-element_type=\"widget\" data-e-type=\"widget\" data-widget_type=\"spacer.default\">\n\t\t\t\t<div class=\"elementor-widget-container\">\n\t\t\t\t\t\t\t<div class=\"elementor-spacer\">\n\t\t\t<div class=\"elementor-spacer-inner\"><\/div>\n\t\t<\/div>\n\t\t\t\t\t\t<\/div>\n\t\t\t\t<\/div>\n\t\t\t\t\t<\/div>\n\t\t<\/div>\n\t\t\t\t\t<\/div>\n\t\t<\/section>\n\t\t\t\t<\/div>\n\t\t","protected":false},"excerpt":{"rendered":"<p>Mission und Vision \u00dcberblick Unwucht bei rotierenden Ger\u00e4ten verursacht Schwingungen, Genauigkeitseinbu\u00dfen, \u00fcberm\u00e4\u00dfigen mechanischen Verschlei\u00df und erh\u00f6hte Betriebskosten. Zur \u00dcberwindung dieser Probleme bietet Schmitt Balancing Systems (SBS) hochentwickelte dynamische Auswuchtl\u00f6sungen \u2013 und erm\u00f6glicht damit den Kunden die Optimierung ihrer Schleifprozesse und ihrer Ger\u00e4te, um maximale Pr\u00e4zision und Produktivit\u00e4t, Kosteneffizienz und Sicherheit zu erzielen. Unsere Technologie Die [&hellip;]<\/p>\n","protected":false},"author":4,"featured_media":0,"parent":0,"menu_order":0,"comment_status":"closed","ping_status":"closed","template":"elementor_header_footer","meta":{"zakra_page_container_layout":"customizer","zakra_page_sidebar_layout":"customizer","zakra_remove_content_margin":false,"zakra_sidebar":"customizer","zakra_transparent_header":"0","zakra_logo":0,"zakra_main_header_style":"default","zakra_menu_item_color":"","zakra_menu_item_hover_color":"","zakra_menu_item_active_color":"","zakra_menu_active_style":"","zakra_page_header":false,"footnotes":""},"class_list":["post-444","page","type-page","status-publish","hentry"],"yoast_head":"<!-- This site is optimized with the Yoast SEO plugin v27.4 - https:\/\/yoast.com\/product\/yoast-seo-wordpress\/ -->\n<title>Mission und Vision - Accretech SBS<\/title>\n<meta name=\"robots\" content=\"index, follow, max-snippet:-1, max-image-preview:large, max-video-preview:-1\" \/>\n<link rel=\"canonical\" href=\"https:\/\/accretechsbs.com\/de\/mission-und-vision\/\" \/>\n<meta property=\"og:locale\" content=\"de_DE\" \/>\n<meta property=\"og:type\" content=\"article\" \/>\n<meta property=\"og:title\" content=\"Mission und Vision - Accretech SBS\" \/>\n<meta property=\"og:description\" content=\"Mission und Vision \u00dcberblick Unwucht bei rotierenden Ger\u00e4ten verursacht Schwingungen, Genauigkeitseinbu\u00dfen, \u00fcberm\u00e4\u00dfigen mechanischen Verschlei\u00df und erh\u00f6hte Betriebskosten. Zur \u00dcberwindung dieser Probleme bietet Schmitt Balancing Systems (SBS) hochentwickelte dynamische Auswuchtl\u00f6sungen \u2013 und erm\u00f6glicht damit den Kunden die Optimierung ihrer Schleifprozesse und ihrer Ger\u00e4te, um maximale Pr\u00e4zision und Produktivit\u00e4t, Kosteneffizienz und Sicherheit zu erzielen. Unsere Technologie Die [&hellip;]\" \/>\n<meta property=\"og:url\" content=\"https:\/\/accretechsbs.com\/de\/mission-und-vision\/\" \/>\n<meta property=\"og:site_name\" content=\"Accretech SBS\" \/>\n<meta property=\"article:modified_time\" content=\"2019-08-01T20:19:08+00:00\" \/>\n<meta property=\"og:image\" content=\"https:\/\/accretechsbs.com\/wp-content\/uploads\/2019\/07\/schmitt-balancing-system-mission-and-vision.jpg\" \/>\n<meta name=\"twitter:card\" content=\"summary_large_image\" \/>\n<meta name=\"twitter:label1\" content=\"Gesch\u00e4tzte Lesezeit\" \/>\n\t<meta name=\"twitter:data1\" content=\"2\u00a0Minuten\" \/>\n<script type=\"application\/ld+json\" class=\"yoast-schema-graph\">{\"@context\":\"https:\\\/\\\/schema.org\",\"@graph\":[{\"@type\":\"WebPage\",\"@id\":\"https:\\\/\\\/accretechsbs.com\\\/de\\\/mission-und-vision\\\/\",\"url\":\"https:\\\/\\\/accretechsbs.com\\\/de\\\/mission-und-vision\\\/\",\"name\":\"Mission und Vision - Accretech SBS\",\"isPartOf\":{\"@id\":\"https:\\\/\\\/accretechsbs.com\\\/#website\"},\"primaryImageOfPage\":{\"@id\":\"https:\\\/\\\/accretechsbs.com\\\/de\\\/mission-und-vision\\\/#primaryimage\"},\"image\":{\"@id\":\"https:\\\/\\\/accretechsbs.com\\\/de\\\/mission-und-vision\\\/#primaryimage\"},\"thumbnailUrl\":\"https:\\\/\\\/accretechsbs.com\\\/wp-content\\\/uploads\\\/2019\\\/07\\\/schmitt-balancing-system-mission-and-vision.jpg\",\"datePublished\":\"2019-07-25T16:45:16+00:00\",\"dateModified\":\"2019-08-01T20:19:08+00:00\",\"breadcrumb\":{\"@id\":\"https:\\\/\\\/accretechsbs.com\\\/de\\\/mission-und-vision\\\/#breadcrumb\"},\"inLanguage\":\"de\",\"potentialAction\":[{\"@type\":\"ReadAction\",\"target\":[\"https:\\\/\\\/accretechsbs.com\\\/de\\\/mission-und-vision\\\/\"]}]},{\"@type\":\"ImageObject\",\"inLanguage\":\"de\",\"@id\":\"https:\\\/\\\/accretechsbs.com\\\/de\\\/mission-und-vision\\\/#primaryimage\",\"url\":\"https:\\\/\\\/accretechsbs.com\\\/wp-content\\\/uploads\\\/2019\\\/07\\\/schmitt-balancing-system-mission-and-vision.jpg\",\"contentUrl\":\"https:\\\/\\\/accretechsbs.com\\\/wp-content\\\/uploads\\\/2019\\\/07\\\/schmitt-balancing-system-mission-and-vision.jpg\"},{\"@type\":\"BreadcrumbList\",\"@id\":\"https:\\\/\\\/accretechsbs.com\\\/de\\\/mission-und-vision\\\/#breadcrumb\",\"itemListElement\":[{\"@type\":\"ListItem\",\"position\":1,\"name\":\"Home\",\"item\":\"https:\\\/\\\/accretechsbs.com\\\/\"},{\"@type\":\"ListItem\",\"position\":2,\"name\":\"Mission und Vision\"}]},{\"@type\":\"WebSite\",\"@id\":\"https:\\\/\\\/accretechsbs.com\\\/#website\",\"url\":\"https:\\\/\\\/accretechsbs.com\\\/\",\"name\":\"Accretech SBS\",\"description\":\"Balancing Systems for Industrial Grinders\",\"publisher\":{\"@id\":\"https:\\\/\\\/accretechsbs.com\\\/#organization\"},\"potentialAction\":[{\"@type\":\"SearchAction\",\"target\":{\"@type\":\"EntryPoint\",\"urlTemplate\":\"https:\\\/\\\/accretechsbs.com\\\/?s={search_term_string}\"},\"query-input\":{\"@type\":\"PropertyValueSpecification\",\"valueRequired\":true,\"valueName\":\"search_term_string\"}}],\"inLanguage\":\"de\"},{\"@type\":\"Organization\",\"@id\":\"https:\\\/\\\/accretechsbs.com\\\/#organization\",\"name\":\"Accretech SBS, Inc.\",\"url\":\"https:\\\/\\\/accretechsbs.com\\\/\",\"logo\":{\"@type\":\"ImageObject\",\"inLanguage\":\"de\",\"@id\":\"https:\\\/\\\/accretechsbs.com\\\/#\\\/schema\\\/logo\\\/image\\\/\",\"url\":\"https:\\\/\\\/accretechsbs.com\\\/wp-content\\\/uploads\\\/Accretech-SBS-vertical.jpg\",\"contentUrl\":\"https:\\\/\\\/accretechsbs.com\\\/wp-content\\\/uploads\\\/Accretech-SBS-vertical.jpg\",\"width\":1964,\"height\":1288,\"caption\":\"Accretech SBS, Inc.\"},\"image\":{\"@id\":\"https:\\\/\\\/accretechsbs.com\\\/#\\\/schema\\\/logo\\\/image\\\/\"}}]}<\/script>\n<!-- \/ Yoast SEO plugin. -->","yoast_head_json":{"title":"Mission und Vision - Accretech SBS","robots":{"index":"index","follow":"follow","max-snippet":"max-snippet:-1","max-image-preview":"max-image-preview:large","max-video-preview":"max-video-preview:-1"},"canonical":"https:\/\/accretechsbs.com\/de\/mission-und-vision\/","og_locale":"de_DE","og_type":"article","og_title":"Mission und Vision - Accretech SBS","og_description":"Mission und Vision \u00dcberblick Unwucht bei rotierenden Ger\u00e4ten verursacht Schwingungen, Genauigkeitseinbu\u00dfen, \u00fcberm\u00e4\u00dfigen mechanischen Verschlei\u00df und erh\u00f6hte Betriebskosten. Zur \u00dcberwindung dieser Probleme bietet Schmitt Balancing Systems (SBS) hochentwickelte dynamische Auswuchtl\u00f6sungen \u2013 und erm\u00f6glicht damit den Kunden die Optimierung ihrer Schleifprozesse und ihrer Ger\u00e4te, um maximale Pr\u00e4zision und Produktivit\u00e4t, Kosteneffizienz und Sicherheit zu erzielen. Unsere Technologie Die [&hellip;]","og_url":"https:\/\/accretechsbs.com\/de\/mission-und-vision\/","og_site_name":"Accretech SBS","article_modified_time":"2019-08-01T20:19:08+00:00","og_image":[{"url":"https:\/\/accretechsbs.com\/wp-content\/uploads\/2019\/07\/schmitt-balancing-system-mission-and-vision.jpg","type":"","width":"","height":""}],"twitter_card":"summary_large_image","twitter_misc":{"Gesch\u00e4tzte Lesezeit":"2\u00a0Minuten"},"schema":{"@context":"https:\/\/schema.org","@graph":[{"@type":"WebPage","@id":"https:\/\/accretechsbs.com\/de\/mission-und-vision\/","url":"https:\/\/accretechsbs.com\/de\/mission-und-vision\/","name":"Mission und Vision - Accretech SBS","isPartOf":{"@id":"https:\/\/accretechsbs.com\/#website"},"primaryImageOfPage":{"@id":"https:\/\/accretechsbs.com\/de\/mission-und-vision\/#primaryimage"},"image":{"@id":"https:\/\/accretechsbs.com\/de\/mission-und-vision\/#primaryimage"},"thumbnailUrl":"https:\/\/accretechsbs.com\/wp-content\/uploads\/2019\/07\/schmitt-balancing-system-mission-and-vision.jpg","datePublished":"2019-07-25T16:45:16+00:00","dateModified":"2019-08-01T20:19:08+00:00","breadcrumb":{"@id":"https:\/\/accretechsbs.com\/de\/mission-und-vision\/#breadcrumb"},"inLanguage":"de","potentialAction":[{"@type":"ReadAction","target":["https:\/\/accretechsbs.com\/de\/mission-und-vision\/"]}]},{"@type":"ImageObject","inLanguage":"de","@id":"https:\/\/accretechsbs.com\/de\/mission-und-vision\/#primaryimage","url":"https:\/\/accretechsbs.com\/wp-content\/uploads\/2019\/07\/schmitt-balancing-system-mission-and-vision.jpg","contentUrl":"https:\/\/accretechsbs.com\/wp-content\/uploads\/2019\/07\/schmitt-balancing-system-mission-and-vision.jpg"},{"@type":"BreadcrumbList","@id":"https:\/\/accretechsbs.com\/de\/mission-und-vision\/#breadcrumb","itemListElement":[{"@type":"ListItem","position":1,"name":"Home","item":"https:\/\/accretechsbs.com\/"},{"@type":"ListItem","position":2,"name":"Mission und Vision"}]},{"@type":"WebSite","@id":"https:\/\/accretechsbs.com\/#website","url":"https:\/\/accretechsbs.com\/","name":"Accretech SBS","description":"Balancing Systems for Industrial Grinders","publisher":{"@id":"https:\/\/accretechsbs.com\/#organization"},"potentialAction":[{"@type":"SearchAction","target":{"@type":"EntryPoint","urlTemplate":"https:\/\/accretechsbs.com\/?s={search_term_string}"},"query-input":{"@type":"PropertyValueSpecification","valueRequired":true,"valueName":"search_term_string"}}],"inLanguage":"de"},{"@type":"Organization","@id":"https:\/\/accretechsbs.com\/#organization","name":"Accretech SBS, Inc.","url":"https:\/\/accretechsbs.com\/","logo":{"@type":"ImageObject","inLanguage":"de","@id":"https:\/\/accretechsbs.com\/#\/schema\/logo\/image\/","url":"https:\/\/accretechsbs.com\/wp-content\/uploads\/Accretech-SBS-vertical.jpg","contentUrl":"https:\/\/accretechsbs.com\/wp-content\/uploads\/Accretech-SBS-vertical.jpg","width":1964,"height":1288,"caption":"Accretech SBS, Inc."},"image":{"@id":"https:\/\/accretechsbs.com\/#\/schema\/logo\/image\/"}}]}},"_links":{"self":[{"href":"https:\/\/accretechsbs.com\/de\/wp-json\/wp\/v2\/pages\/444","targetHints":{"allow":["GET"]}}],"collection":[{"href":"https:\/\/accretechsbs.com\/de\/wp-json\/wp\/v2\/pages"}],"about":[{"href":"https:\/\/accretechsbs.com\/de\/wp-json\/wp\/v2\/types\/page"}],"author":[{"embeddable":true,"href":"https:\/\/accretechsbs.com\/de\/wp-json\/wp\/v2\/users\/4"}],"replies":[{"embeddable":true,"href":"https:\/\/accretechsbs.com\/de\/wp-json\/wp\/v2\/comments?post=444"}],"version-history":[{"count":6,"href":"https:\/\/accretechsbs.com\/de\/wp-json\/wp\/v2\/pages\/444\/revisions"}],"predecessor-version":[{"id":1106,"href":"https:\/\/accretechsbs.com\/de\/wp-json\/wp\/v2\/pages\/444\/revisions\/1106"}],"wp:attachment":[{"href":"https:\/\/accretechsbs.com\/de\/wp-json\/wp\/v2\/media?parent=444"}],"curies":[{"name":"wp","href":"https:\/\/api.w.org\/{rel}","templated":true}]}}